{"id":11,"date":"2020-11-10T15:19:34","date_gmt":"2020-11-10T14:19:34","guid":{"rendered":"http:\/\/studiosarahlapin.com\/?page_id=11"},"modified":"2024-11-25T16:11:40","modified_gmt":"2024-11-25T15:11:40","slug":"a-propos","status":"publish","type":"page","link":"https:\/\/studiosarahlapin.com\/en\/a-propos\/","title":{"rendered":"about"},"content":{"rendered":"","protected":false},"excerpt":{"rendered":"","protected":false},"author":1,"featured_media":0,"parent":0,"menu_order":1,"comment_status":"closed","ping_status":"closed","template":"","meta":[],"class_list":["post-11","page","type-page","status-publish","hentry"],"grid":"{\r\n  \"colCount\": 12,\r\n  \"colGutter\": 2,\r\n  \"rowGutters\": [\r\n    5\r\n  ],\r\n  \"frameMargin\": 2,\r\n  \"topFrameMargin\": 90,\r\n  \"bottomFrameMargin\": 5,\r\n  \"rowAttrs\": [\r\n    {\r\n      \"relid\": 1\r\n    },\r\n    {\r\n      \"relid\": 4\r\n    }\r\n  ],\r\n  \"bgColor\": null,\r\n  \"cont\": [\r\n    {\r\n      \"type\": \"img\",\r\n      \"cont\": \"\/wp-content\/uploads\/2020\/11\/studio_sarah_lapin_about-10.png\",\r\n      \"align\": \"top\",\r\n      \"row\": 0,\r\n      \"col\": 0,\r\n      \"colspan\": 4,\r\n      \"offsetx\": 0,\r\n      \"offsety\": 0,\r\n      \"spaceabove\": 0,\r\n      \"spacebelow\": 0,\r\n      \"yvel\": 1,\r\n      \"push\": 0,\r\n      \"relid\": 377,\r\n      \"attid\": 700,\r\n      \"sizes\": {\r\n        \"full\": \"\/wp-content\/uploads\/2020\/11\/studio_sarah_lapin_about-10.png\",\r\n        \"_512\": \"\/wp-content\/uploads\/2020\/11\/studio_sarah_lapin_about-10-512x444.png\",\r\n        \"_265\": \"\/wp-content\/uploads\/2020\/11\/studio_sarah_lapin_about-10-265x230.png\"\r\n      },\r\n      \"w\": 695,\r\n      \"h\": 603,\r\n      \"ar\": 0.8676258992805755,\r\n      \"alt\": \"\",\r\n      \"frameOverflow\": \"\",\r\n      \"lightboxoff\": true,\r\n      \"absolute_position\": false\r\n    },\r\n    {\r\n      \"type\": \"text\",\r\n      \"cont\": \"<h1 class=\\\"_about_title\\\">studio sarah lapin<\/h1><h2 class=\\\"_about_subtitle\\\">design tout terrain<\/h2><p class=\\\"_text_about\\\">designer ou plasticienne et bien d\u00e9cid\u00e9e \u00e0 rester dans cet interstice, sarah lapin s\u2019attache \u00e0 cr\u00e9er des atmosph\u00e8res louches \u00e0 partir de nos objets quotidiens. il s\u2019agit de montrer les grandes choses au m\u00eame plan que les petites, en s\u2019attardant sur ce qui nous \u00e9chappe. on s\u2019attarde beaucoup, donc.<\/p><p class=\\\"_text_about\\\">\u00e0 travers des modes d\u2019expressions emprunt\u00e9s \u00e0 tous types de m\u00e9tiers, de hobbies, d\u2019artisanats, elle tente de raconter notre monde, et de le comprendre, un peu.<br \/>\\u0003<br \/>mobilier, costumes, objets, dessins, safari photos, sont au laboratoire de sarah lapin.<\/p><h2 class=\\\"_about_subtitle\\\">contact<\/h2><p class=\\\"_text_about\\\">si vous souhaitez passer commande, faire une demande de prix ou toute autre chose, contactez moi <a rel=\\\"noopener\\\" href=\\\"mailto:sarahlapinstudio@gmail.com\\\" target=\\\"_blank\\\"><span style=\\\"color: #fc59b3;\\\">sarahlapinstudio@gmail.com<\/span><\/a><\/p><h2 class=\\\"_about_subtitle\\\">follow me<\/h2><p class=\\\"_text_about\\\"><a rel=\\\"noopener\\\" href=\\\"https:\/\/www.instagram.com\/studiosarahlapin\/\\\" target=\\\"_blank\\\" data-id=\\\"0\\\">@studiosarahlapin <\/a>\u00a0\u00a0\u00a0\u00a0\u00a0\u00a0\u00a0 <a rel=\\\"noopener\\\" href=\\\"https:\/\/www.instagram.com\/sarah.lapin\/\\\" target=\\\"_blank\\\" data-id=\\\"0\\\">@sarah.lapin\u00a0<\/a>\u00a0\u00a0\u00a0\u00a0\u00a0 <a rel=\\\"noopener\\\" href=\\\"https:\/\/www.instagram.com\/sarahdrawinglapin\/\\\" target=\\\"_blank\\\">@sarahdrawinglapin<\/a><\/p>\",\r\n      \"align\": \"top\",\r\n      \"row\": 0,\r\n      \"col\": 4,\r\n      \"colspan\": 7,\r\n      \"offsetx\": 0,\r\n      \"offsety\": 0,\r\n      \"spaceabove\": 0,\r\n      \"spacebelow\": 0,\r\n      \"yvel\": 1,\r\n      \"push\": 0,\r\n      \"relid\": 378,\r\n      \"frameOverflow\": \"\",\r\n      \"absolute_position\": false\r\n    },\r\n    {\r\n      \"type\": \"text\",\r\n      \"cont\": \"\",\r\n      \"align\": \"top\",\r\n      \"row\": 1,\r\n      \"col\": 4,\r\n      \"colspan\": 8,\r\n      \"offsetx\": 0,\r\n      \"offsety\": 0,\r\n      \"spaceabove\": 0,\r\n      \"spacebelow\": 0,\r\n      \"yvel\": 1,\r\n      \"push\": 4,\r\n      \"relid\": 5,\r\n      \"absolute_position\": false\r\n    }\r\n  ]\r\n}","phonegrid":"{\r\n  \"colCount\": 12,\r\n  \"colGutter\": 1,\r\n  \"rowGutters\": [\r\n    5\r\n  ],\r\n  \"frameMargin\": 5,\r\n  \"topFrameMargin\": 5,\r\n  \"bottomFrameMargin\": 5,\r\n  \"rowAttrs\": [\r\n    {\r\n      \"relid\": 2\r\n    },\r\n    {\r\n      \"relid\": 3\r\n    }\r\n  ],\r\n  \"bgColor\": null,\r\n  \"cont\": [\r\n    {\r\n      \"type\": \"img\",\r\n      \"cont\": \"\/wp-content\/uploads\/2020\/11\/studio_sarah_lapin_about-10.png\",\r\n      \"align\": \"bottom\",\r\n      \"row\": 0,\r\n      \"col\": 0,\r\n      \"colspan\": 12,\r\n      \"offsetx\": 0,\r\n      \"offsety\": 0,\r\n      \"spaceabove\": 0,\r\n      \"spacebelow\": 0,\r\n      \"yvel\": 1,\r\n      \"push\": 0,\r\n      \"relid\": 377,\r\n      \"attid\": 700,\r\n      \"sizes\": {\r\n        \"full\": \"\/wp-content\/uploads\/2020\/11\/studio_sarah_lapin_about-10.png\",\r\n        \"_512\": \"\/wp-content\/uploads\/2020\/11\/studio_sarah_lapin_about-10-512x444.png\",\r\n        \"_265\": \"\/wp-content\/uploads\/2020\/11\/studio_sarah_lapin_about-10-265x230.png\"\r\n      },\r\n      \"w\": 695,\r\n      \"h\": 603,\r\n      \"ar\": 0.8676258992805755,\r\n      \"alt\": \"\",\r\n      \"frameOverflow\": \"\",\r\n      \"absolute_position\": false\r\n    },\r\n    {\r\n      \"type\": \"text\",\r\n      \"cont\": \"<h1 class=\\\"_about_title\\\">studio sarah lapin<\/h1><h2 class=\\\"_about_subtitle\\\">design tout terrain<\/h2><p class=\\\"_text_about\\\">designer ou plasticienne et bien d\u00e9cid\u00e9e \u00e0 rester dans cet interstice, sarah lapin s\u2019attache \u00e0 cr\u00e9er des atmosph\u00e8res louches \u00e0 partir de nos objets quotidiens. il s\u2019agit de montrer les grandes choses au m\u00eame plan que les petites, en s\u2019attardant sur ce qui nous \u00e9chappe. on s\u2019attarde beaucoup, donc.<\/p><p class=\\\"_text_about\\\">\u00e0 travers des modes d\u2019expressions emprunt\u00e9s \u00e0 tous types de m\u00e9tiers, de hobbies, d\u2019artisanats, elle tente de raconter notre monde, et de le comprendre, un peu.<br \/>\\u0003<br \/>mobilier, costumes, objets, dessins, safari photos, sont au laboratoire de sarah lapin.<\/p><h2 class=\\\"_about_subtitle\\\">contact<\/h2><p class=\\\"_text_about\\\">si vous souhaitez passer commande, faire une demande de prix ou toute autre chose, contactez moi <a rel=\\\"noopener\\\" href=\\\"mailto:sarahlapinstudio@gmail.com\\\" target=\\\"_blank\\\"><span style=\\\"color: #fc59b3;\\\">sarahlapinstudio@gmail.com<\/span><\/a><\/p><h2 class=\\\"_about_subtitle\\\">follow me<\/h2><p class=\\\"_text_about\\\"><a rel=\\\"noopener\\\" href=\\\"https:\/\/www.instagram.com\/studiosarahlapin\/\\\" target=\\\"_blank\\\" data-id=\\\"0\\\">@studiosarahlapin <\/a>\u00a0\u00a0\u00a0\u00a0\u00a0\u00a0\u00a0 <a rel=\\\"noopener\\\" href=\\\"https:\/\/www.instagram.com\/sarah.lapin\/\\\" target=\\\"_blank\\\" data-id=\\\"0\\\">@sarah.lapin\u00a0<\/a>\u00a0\u00a0\u00a0\u00a0\u00a0 <a rel=\\\"noopener\\\" href=\\\"https:\/\/www.instagram.com\/sarahdrawinglapin\/\\\" target=\\\"_blank\\\">@sarahdrawinglapin<\/a><\/p>\",\r\n      \"align\": \"bottom\",\r\n      \"row\": 1,\r\n      \"col\": 0,\r\n      \"colspan\": 12,\r\n      \"offsetx\": 0,\r\n      \"offsety\": 0,\r\n      \"spaceabove\": 0,\r\n      \"spacebelow\": 0,\r\n      \"yvel\": 1,\r\n      \"push\": 0,\r\n      \"relid\": 378,\r\n      \"frameOverflow\": \"\",\r\n      \"absolute_position\": false\r\n    }\r\n  ]\r\n}","_links":{"self":[{"href":"https:\/\/studiosarahlapin.com\/en\/wp-json\/wp\/v2\/pages\/11","targetHints":{"allow":["GET"]}}],"collection":[{"href":"https:\/\/studiosarahlapin.com\/en\/wp-json\/wp\/v2\/pages"}],"about":[{"href":"https:\/\/studiosarahlapin.com\/en\/wp-json\/wp\/v2\/types\/page"}],"author":[{"embeddable":true,"href":"https:\/\/studiosarahlapin.com\/en\/wp-json\/wp\/v2\/users\/1"}],"replies":[{"embeddable":true,"href":"https:\/\/studiosarahlapin.com\/en\/wp-json\/wp\/v2\/comments?post=11"}],"version-history":[{"count":0,"href":"https:\/\/studiosarahlapin.com\/en\/wp-json\/wp\/v2\/pages\/11\/revisions"}],"wp:attachment":[{"href":"https:\/\/studiosarahlapin.com\/en\/wp-json\/wp\/v2\/media?parent=11"}],"curies":[{"name":"wp","href":"https:\/\/api.w.org\/{rel}","templated":true}]}}